{"id":17,"date":"2024-05-14T13:50:59","date_gmt":"2024-05-14T13:50:59","guid":{"rendered":"https:\/\/www.segursalud.com\/?page_id=17"},"modified":"2024-05-16T10:42:10","modified_gmt":"2024-05-16T10:42:10","slug":"politica-de-privacidad","status":"publish","type":"page","link":"https:\/\/www.segursalud.com\/index.php\/politica-de-privacidad\/","title":{"rendered":"Pol\u00edtica de privacidad"},"content":{"rendered":"<p>[et_pb_section fb_built=\u00bb1&#8243; theme_builder_area=\u00bbpost_content\u00bb _builder_version=\u00bb4.24.3&#8243; _module_preset=\u00bbdefault\u00bb][et_pb_row _builder_version=\u00bb4.24.3&#8243; _module_preset=\u00bbdefault\u00bb theme_builder_area=\u00bbpost_content\u00bb][et_pb_column _builder_version=\u00bb4.24.3&#8243; _module_preset=\u00bbdefault\u00bb type=\u00bb4_4&#8243; theme_builder_area=\u00bbpost_content\u00bb][et_pb_text _builder_version=\u00bb4.24.3&#8243; _module_preset=\u00bbdefault\u00bb theme_builder_area=\u00bbpost_content\u00bb hover_enabled=\u00bb0&#8243; sticky_enabled=\u00bb0&#8243;]<\/p>\n<p><strong>POL\u00cdTICA DE PRIVACIDAD<\/strong><\/p>\n<p><strong>1. Responsable del\u00a0<\/strong><strong>Tratamiento:<\/strong><\/p>\n<p><strong>SEGURSALUD MEDIACI\u00d3N CORREDURIA DE SEGUROS, S.L.<\/strong>, en adelante RESPONSABLE, es el Responsable del Tratamiento de los datos personales del Usuario\u00a0y le informa que estos datos ser\u00e1n tratados de conformidad con lo dispuesto en el Reglamento (UE) 2016\/679 de 27 de abril de 2016 (GDPR) \u00a0relativo a la protecci\u00f3n de las personas f\u00edsicas en lo que respecta al tratamiento de datos personales y a la libre circulaci\u00f3n de estos datos, por lo que se le facilita la\u00a0siguiente informaci\u00f3n del tratamiento:<\/p>\n<p>SEGURSALUD MEDIACI\u00d3N CORREDURIA DE SEGUROS, S.L.<br \/><span>B83096644<\/span><br \/>CALLE ENCOMIENDA DE PALACIOS, 30 2\u00baA<br \/>28030 MADRID<br \/>Telf. 949 255 577<br \/><strong><a href=\"mailto:correduria@segursalud.com\">correduria@segursalud.com<\/a>\u00a0<\/strong><\/p>\n<p><strong><br \/>2. Fin del tratamiento:<\/strong><br \/>Mantener una relaci\u00f3n comercial con el Usuario. Las operaciones previstas para realizar el\u00a0tratamiento son:<\/p>\n<ul>\n<li><strong>Remisi\u00f3n de comunicaciones comerciales<\/strong>\u00a0publicitarias por email, SMS, comunidades sociales o cualquier otro medio electr\u00f3nico o f\u00edsico, presente o futuro, que posibilite realizar comunicaciones comerciales. Estas comunicaciones ser\u00e1n realizadas por el\u00a0RESPONSABLE y relacionadas sobre sus productos y servicios, o de sus colaboradores o proveedores con los que \u00e9ste haya alcanzado alg\u00fan acuerdo de promoci\u00f3n. En este caso, los terceros nunca tendr\u00e1n acceso a los datos personales.<br \/><strong>Base jur\u00eddica que legitima este tratamiento:<\/strong><span>\u00a0<\/span>El inter\u00e9s leg\u00edtimo de Segursalud Mediaci\u00f3n Corredur\u00eda de Seguros, S.L. en tratar sus datos para informar al usuario en consecuencia de la solicitud de informaci\u00f3n acerca de los servicios prestados.<\/li>\n<li><strong>Realizar estudios estad\u00edsticos de forma agregada.<\/strong><br \/><strong>Base jur\u00eddica que legitima este tratamiento:<\/strong><span>\u00a0<\/span>El inter\u00e9s leg\u00edtimo de Segursalud Mediaci\u00f3n Corredur\u00eda de Seguros, S.L. a realizar informes estad\u00edsticos, siempre de forma an\u00f3nima, de visitas y navegaci\u00f3n en la web <strong><a href=\"https:\/\/www.adaptasystem.com\/\">www.segursalud.com<\/a><\/strong>.<\/li>\n<li><strong>Atender las solicitudes de informaci\u00f3n<\/strong>\u00a0o cualquier tipo de petici\u00f3n que sea realizada por el usuario a trav\u00e9s de cualquiera de las formas de contacto que se ponen a su disposici\u00f3n.<br \/><strong>Base jur\u00eddica que legitima este tratamiento:<\/strong><span>\u00a0<\/span>El inter\u00e9s leg\u00edtimo de Segursalud Mediaci\u00f3n Corredur\u00eda de Seguros, S.L. en tratar sus datos para dar respuesta a la solicitud realizada por el cliente.<\/li>\n<\/ul>\n<p><strong><br \/>3. Criterios de conservaci\u00f3n de los datos<\/strong><\/p>\n<p>Se conservar\u00e1n mientras exista un inter\u00e9s mutuo para mantener el fin del tratamiento y cuando ya no sea necesario para tal fin,\u00a0se suprimir\u00e1n con medidas de seguridad adecuadas para garantizar la seudonimizaci\u00f3n de los datos o la destrucci\u00f3n total de los mismos.<\/p>\n<p><strong><br \/>4. Comunicaci\u00f3n de\u00a0los datos:<\/strong><br \/>No se comunicar\u00e1n los datos a terceros, salvo obligaci\u00f3n legal.<\/p>\n<p><strong>5. Derechos que asisten al Usuario:<\/strong><\/p>\n<ul>\n<li>Derecho a retirar el consentimiento en cualquier momento.<\/li>\n<li>Derecho de acceso, rectificaci\u00f3n, portabilidad y supresi\u00f3n de sus datos y a la limitaci\u00f3n u oposici\u00f3n al su tratamiento.<\/li>\n<li>Derecho a presentar una reclamaci\u00f3n ante la autoridad de control (agpd.es) si\u00a0considera que el tratamiento no se ajusta a la normativa vigente.<\/li>\n<\/ul>\n<p><strong><br \/>6. Datos de contacto para ejercer sus derechos:<\/strong><\/p>\n<p>Direcci\u00f3n postal: SEGURSALUD MEDIACION CORREDURIA DE SEGUROS, S.L. \u2013 CALLE BULEVAR ALTO TAJO, 11 LOCAL 19005 GUADALAJARA, Telf. 949 255 577<br \/>Direcci\u00f3n electr\u00f3nica: <a href=\"mailto:protecciondedatos@segursalud.com\">protecciondedatos@segursalud.com<\/a>\u00a0<\/p>\n<p><strong><br \/>7. CAR\u00c1CTER OBLIGATORIO O FACULTATIVO DE LA INFORMACI\u00d3N FACILITADA POR EL USUARIO<\/strong><\/p>\n<p>Los Usuarios, mediante la marcaci\u00f3n de las casillas correspondientes y entrada de datos en los campos, marcados con un asterisco (*) en el formulario de contacto o presentados en formularios de descarga, aceptan expresamente y de forma libre e inequ\u00edvoca, que sus datos son necesarios para atender su petici\u00f3n, por parte del prestador, siendo voluntaria la inclusi\u00f3n de datos en los campos restantes. El Usuario garantiza que los datos personales facilitados al RESPONSABLE\u00a0son veraces y se hace responsable de comunicar cualquier modificaci\u00f3n de los mismos.<\/p>\n<p>El RESPONSABLE informa y garantiza expresamente a los usuarios que sus datos personales no ser\u00e1n cedidos en ning\u00fan caso a terceros, y que siempre que realizara alg\u00fan tipo de cesi\u00f3n de datos personales, se pedir\u00e1 previamente el consentimiento expreso, informado e inequ\u00edvoco por parte los Usuarios. Todos los datos solicitados a trav\u00e9s del sitio web son obligatorios, ya que son necesarios para la prestaci\u00f3n de un servicio \u00f3ptimo al Usuario. En caso de que no sean facilitados todos los datos, no se garantiza que la informaci\u00f3n y servicios facilitados sean completamente ajustados a sus necesidades.<\/p>\n<p><strong><br \/>8. Medidas de seguridad<\/strong><\/p>\n<p>Que de conformidad con lo dispuesto en las normativas vigentes en protecci\u00f3n de datos personales, el RESPONSABLE\u00a0est\u00e1 cumpliendo con todas las disposiciones de las normativas GDPR\u00a0para\u00a0el tratamiento de los datos personales de su responsabilidad, y manifiestamente con los principios descritos en el art\u00edculo 5 del GDPR, por los cuales son tratados de manera l\u00edcita, leal y transparente en relaci\u00f3n con el interesado y adecuados, pertinentes y limitados a lo necesario en relaci\u00f3n con los fines para los que son tratados.<\/p>\n<p>El RESPONSABLE\u00a0garantiza que ha implementado pol\u00edticas t\u00e9cnicas y organizativas apropiadas para aplicar las medidas de seguridad que establecen el GDPR con el fin de proteger los derechos y libertades de los Usuarios y les ha comunicado la informaci\u00f3n adecuada para que puedan ejercerlos.<\/p>\n<p>[\/et_pb_text][\/et_pb_column][\/et_pb_row][\/et_pb_section]<\/p>\n","protected":false},"excerpt":{"rendered":"<p>POL\u00cdTICA DE PRIVACIDAD 1. Responsable del\u00a0Tratamiento: SEGURSALUD MEDIACI\u00d3N CORREDURIA DE SEGUROS, S.L., en adelante RESPONSABLE, es el Responsable del Tratamiento de los datos personales del Usuario\u00a0y le informa que estos datos ser\u00e1n tratados de conformidad con lo dispuesto en el Reglamento (UE) 2016\/679 de 27 de abril de 2016 (GDPR) \u00a0relativo a la protecci\u00f3n de [&hellip;]<\/p>\n","protected":false},"author":1,"featured_media":0,"parent":0,"menu_order":0,"comment_status":"closed","ping_status":"closed","template":"","meta":{"_et_pb_use_builder":"on","_et_pb_old_content":"","_et_gb_content_width":"","_joinchat":[],"footnotes":""},"class_list":["post-17","page","type-page","status-publish","hentry"],"_links":{"self":[{"href":"https:\/\/www.segursalud.com\/index.php\/wp-json\/wp\/v2\/pages\/17","targetHints":{"allow":["GET"]}}],"collection":[{"href":"https:\/\/www.segursalud.com\/index.php\/wp-json\/wp\/v2\/pages"}],"about":[{"href":"https:\/\/www.segursalud.com\/index.php\/wp-json\/wp\/v2\/types\/page"}],"author":[{"embeddable":true,"href":"https:\/\/www.segursalud.com\/index.php\/wp-json\/wp\/v2\/users\/1"}],"replies":[{"embeddable":true,"href":"https:\/\/www.segursalud.com\/index.php\/wp-json\/wp\/v2\/comments?post=17"}],"version-history":[{"count":3,"href":"https:\/\/www.segursalud.com\/index.php\/wp-json\/wp\/v2\/pages\/17\/revisions"}],"predecessor-version":[{"id":244,"href":"https:\/\/www.segursalud.com\/index.php\/wp-json\/wp\/v2\/pages\/17\/revisions\/244"}],"wp:attachment":[{"href":"https:\/\/www.segursalud.com\/index.php\/wp-json\/wp\/v2\/media?parent=17"}],"curies":[{"name":"wp","href":"https:\/\/api.w.org\/{rel}","templated":true}]}}