{"id":15,"date":"2024-05-14T13:50:29","date_gmt":"2024-05-14T13:50:29","guid":{"rendered":"https:\/\/www.segursalud.com\/?page_id=15"},"modified":"2024-05-16T15:09:25","modified_gmt":"2024-05-16T15:09:25","slug":"aviso-legal","status":"publish","type":"page","link":"https:\/\/www.segursalud.com\/index.php\/aviso-legal\/","title":{"rendered":"Aviso Legal"},"content":{"rendered":"<p>[et_pb_section fb_built=\u00bb1&#8243; _builder_version=\u00bb4.24.3&#8243; _module_preset=\u00bbdefault\u00bb global_colors_info=\u00bb{}\u00bb][et_pb_row _builder_version=\u00bb4.24.3&#8243; _module_preset=\u00bbdefault\u00bb global_colors_info=\u00bb{}\u00bb][et_pb_column type=\u00bb4_4&#8243; _builder_version=\u00bb4.24.3&#8243; _module_preset=\u00bbdefault\u00bb global_colors_info=\u00bb{}\u00bb][et_pb_text _builder_version=\u00bb4.24.3&#8243; _module_preset=\u00bbdefault\u00bb global_colors_info=\u00bb{}\u00bb]<\/p>\n<p><strong>AVISO LEGAL<\/strong><\/p>\n<p>En cumplimiento con el deber de informaci\u00f3n recogido en art\u00edculo 10 de la Ley 34\/2002, de 11 de julio, de Servicios de la Sociedad de la Informaci\u00f3n y del Comercio Electr\u00f3nico (LSSICE), el propietario de la web , le informa de lo siguiente:<\/p>\n<ul>\n<li>Denominaci\u00f3n social: Segursalud Mediaci\u00f3n Corredur\u00eda de Seguros, S.L.<\/li>\n<li>NIF: B83096644<\/li>\n<li>Domicilio: Calle Encomienda de Palacios, 9 2\u00baA 28030 Madrid<\/li>\n<\/ul>\n<p>Inscrita en el Registro Mercantil de Madrid al Tomo 16949, folio 81, secci\u00f3n 0, hoja n\u00famero M-289920, inscripci\u00f3n 16<\/p>\n<p>Con los l\u00edmites establecidos en la ley, Segursalud Mediaci\u00f3n Corredur\u00eda de Seguros, S.L. no asume ninguna responsabilidad derivada de la falta de veracidad, integridad, actualizaci\u00f3n y precisi\u00f3n de los datos o informaciones que contienen sus p\u00e1ginas web.<\/p>\n<p>Los contenidos e informaci\u00f3n no vinculan a Segursalud Mediaci\u00f3n Corredur\u00eda de Seguros, S.L. ni constituyen opiniones, consejos o asesoramiento legal de ning\u00fan tipo pues se trata meramente de un servicio ofrecido con car\u00e1cter informativo y divulgativo.<\/p>\n<p>Las p\u00e1ginas de Internet de Segursalud Mediaci\u00f3n Corredur\u00eda de Seguros, S.L. pueden contener enlaces (links) a otras p\u00e1ginas de terceras partes que Segursalud Mediaci\u00f3n Corredur\u00eda de Seguros, S.L. no puede controlar. Por lo tanto, Segursalud Mediaci\u00f3n Corredur\u00eda de Seguros, S.L. no puede asumir responsabilidades por el contenido que pueda aparecer en p\u00e1ginas de terceros.<\/p>\n<p>Los textos, im\u00e1genes, sonidos, animaciones, software y el resto de contenidos incluidos en este website son propiedad exclusiva de Segursalud Mediaci\u00f3n Corredur\u00eda de Seguros, S.L. o sus licenciantes. Cualquier acto de transmisi\u00f3n, distribuci\u00f3n, cesi\u00f3n, reproducci\u00f3n, almacenamiento o comunicaci\u00f3n p\u00fablica total o parcial, deber\u00e1 contar con el consentimiento expreso de Segursalud Mediaci\u00f3n Corredur\u00eda de Seguros, S.L..<\/p>\n<p>Asimismo, para acceder a algunos de los servicios que Segursalud Mediaci\u00f3n Corredur\u00eda de Seguros, S.L. ofrece a trav\u00e9s del sitio web, deber\u00e1 proporcionar algunos datos de car\u00e1cter personal. En cumplimiento de lo establecido en el Reglamento (UE) 2016\/679 del Parlamento Europeo y del Consejo, de 27 de abril de 2016, relativo a la protecci\u00f3n de las personas f\u00edsicas en lo que respecta al tratamiento de datos personales y a la libre circulaci\u00f3n de estos datos le informamos que, mediante la cumplimentaci\u00f3n de los presentes formularios, sus datos personales quedar\u00e1n incorporados y ser\u00e1n tratados en los ficheros de Segursalud Mediaci\u00f3n Corredur\u00eda de Seguros, S.L. con el fin de poderle prestar y ofrecer nuestros servicios as\u00ed como para informarle de las mejoras del sitio Web.<\/p>\n<p>Le informamos tambi\u00e9n de que tendr\u00e1 la posibilidad en todo momento de ejercer los derechos de acceso, rectificaci\u00f3n, cancelaci\u00f3n, oposici\u00f3n, limitaci\u00f3n y portabilidad de sus datos de car\u00e1cter personal, de manera gratuita mediante email a: <a href=\"mailto:ivanarriola@adaptasystem.com\">protecciondedatos@segursalud.com<\/a> o en la direcci\u00f3n: Calle Bulevar Alto Tajo, 11 local, 19005 &#8211; Guadalajara (Guadalajara).<\/p>\n<p>[\/et_pb_text][\/et_pb_column][\/et_pb_row][\/et_pb_section]<\/p>\n","protected":false},"excerpt":{"rendered":"<p>AVISO LEGAL En cumplimiento con el deber de informaci\u00f3n recogido en art\u00edculo 10 de la Ley 34\/2002, de 11 de julio, de Servicios de la Sociedad de la Informaci\u00f3n y del Comercio Electr\u00f3nico (LSSICE), el propietario de la web , le informa de lo siguiente: Denominaci\u00f3n social: Segursalud Mediaci\u00f3n Corredur\u00eda de Seguros, S.L. NIF: B83096644 [&hellip;]<\/p>\n","protected":false},"author":1,"featured_media":0,"parent":0,"menu_order":0,"comment_status":"closed","ping_status":"closed","template":"","meta":{"_et_pb_use_builder":"on","_et_pb_old_content":"","_et_gb_content_width":"","_joinchat":[],"footnotes":""},"class_list":["post-15","page","type-page","status-publish","hentry"],"_links":{"self":[{"href":"https:\/\/www.segursalud.com\/index.php\/wp-json\/wp\/v2\/pages\/15","targetHints":{"allow":["GET"]}}],"collection":[{"href":"https:\/\/www.segursalud.com\/index.php\/wp-json\/wp\/v2\/pages"}],"about":[{"href":"https:\/\/www.segursalud.com\/index.php\/wp-json\/wp\/v2\/types\/page"}],"author":[{"embeddable":true,"href":"https:\/\/www.segursalud.com\/index.php\/wp-json\/wp\/v2\/users\/1"}],"replies":[{"embeddable":true,"href":"https:\/\/www.segursalud.com\/index.php\/wp-json\/wp\/v2\/comments?post=15"}],"version-history":[{"count":4,"href":"https:\/\/www.segursalud.com\/index.php\/wp-json\/wp\/v2\/pages\/15\/revisions"}],"predecessor-version":[{"id":263,"href":"https:\/\/www.segursalud.com\/index.php\/wp-json\/wp\/v2\/pages\/15\/revisions\/263"}],"wp:attachment":[{"href":"https:\/\/www.segursalud.com\/index.php\/wp-json\/wp\/v2\/media?parent=15"}],"curies":[{"name":"wp","href":"https:\/\/api.w.org\/{rel}","templated":true}]}}