{"id":114,"date":"2024-05-15T09:44:52","date_gmt":"2024-05-15T09:44:52","guid":{"rendered":"https:\/\/www.segursalud.com\/?page_id=114"},"modified":"2024-05-15T09:45:09","modified_gmt":"2024-05-15T09:45:09","slug":"telefono-asistencia-asisa","status":"publish","type":"page","link":"https:\/\/www.segursalud.com\/index.php\/telefono-asistencia-asisa\/","title":{"rendered":"telefono-asistencia-asisa"},"content":{"rendered":"<p>[et_pb_section fb_built=\u00bb1&#8243; _builder_version=\u00bb4.24.3&#8243; _module_preset=\u00bbdefault\u00bb global_colors_info=\u00bb{}\u00bb][et_pb_row column_structure=\u00bb1_2,1_2&#8243; _builder_version=\u00bb4.24.3&#8243; _module_preset=\u00bbdefault\u00bb global_colors_info=\u00bb{}\u00bb][et_pb_column type=\u00bb1_2&#8243; _builder_version=\u00bb4.24.3&#8243; _module_preset=\u00bbdefault\u00bb global_colors_info=\u00bb{}\u00bb][et_pb_image src=\u00bbhttps:\/\/www.segursalud.com\/wp-content\/uploads\/2024\/05\/asisaok.png\u00bb title_text=\u00bbasisaok\u00bb _builder_version=\u00bb4.24.3&#8243; _module_preset=\u00bbdefault\u00bb hover_enabled=\u00bb0&#8243; global_colors_info=\u00bb{}\u00bb sticky_enabled=\u00bb0&#8243;][\/et_pb_image][\/et_pb_column][et_pb_column type=\u00bb1_2&#8243; _builder_version=\u00bb4.24.3&#8243; _module_preset=\u00bbdefault\u00bb global_colors_info=\u00bb{}\u00bb][et_pb_text _builder_version=\u00bb4.24.3&#8243; _module_preset=\u00bbdefault\u00bb hover_enabled=\u00bb0&#8243; global_colors_info=\u00bb{}\u00bb sticky_enabled=\u00bb0&#8243;]<\/p>\n<p><span>Atenci\u00f3n a Clientes: 91 991 19 99<\/span><br \/><span>Tel\u00e9fono para nuevas contrataciones: 900 10 10 21<\/span><br \/><span>Tel\u00e9fono para solicitud de autorizaciones: 91 991 25 55<\/span><br \/><span>Servicio de urgencias de Asisa Dental: 91 991 19 99<\/span><br \/><span>Tel\u00e9fono de urgencias: 900 900 118<\/span><a href=\"tel:902151785\"><span><\/span><\/a><br \/><span>Tel\u00e9fono de asistencia en el extranjero: +34 91 514 36 11<\/span><\/p>\n<p>[\/et_pb_text][\/et_pb_column][\/et_pb_row][\/et_pb_section]<\/p>\n","protected":false},"excerpt":{"rendered":"<p>Atenci\u00f3n a Clientes: 91 991 19 99Tel\u00e9fono para nuevas contrataciones: 900 10 10 21Tel\u00e9fono para solicitud de autorizaciones: 91 991 25 55Servicio de urgencias de Asisa Dental: 91 991 19 99Tel\u00e9fono de urgencias: 900 900 118Tel\u00e9fono de asistencia en el extranjero: +34 91 514 36 11<\/p>\n","protected":false},"author":1,"featured_media":0,"parent":0,"menu_order":0,"comment_status":"closed","ping_status":"closed","template":"","meta":{"_et_pb_use_builder":"on","_et_pb_old_content":"","_et_gb_content_width":"","_joinchat":[],"footnotes":""},"class_list":["post-114","page","type-page","status-publish","hentry"],"_links":{"self":[{"href":"https:\/\/www.segursalud.com\/index.php\/wp-json\/wp\/v2\/pages\/114","targetHints":{"allow":["GET"]}}],"collection":[{"href":"https:\/\/www.segursalud.com\/index.php\/wp-json\/wp\/v2\/pages"}],"about":[{"href":"https:\/\/www.segursalud.com\/index.php\/wp-json\/wp\/v2\/types\/page"}],"author":[{"embeddable":true,"href":"https:\/\/www.segursalud.com\/index.php\/wp-json\/wp\/v2\/users\/1"}],"replies":[{"embeddable":true,"href":"https:\/\/www.segursalud.com\/index.php\/wp-json\/wp\/v2\/comments?post=114"}],"version-history":[{"count":3,"href":"https:\/\/www.segursalud.com\/index.php\/wp-json\/wp\/v2\/pages\/114\/revisions"}],"predecessor-version":[{"id":118,"href":"https:\/\/www.segursalud.com\/index.php\/wp-json\/wp\/v2\/pages\/114\/revisions\/118"}],"wp:attachment":[{"href":"https:\/\/www.segursalud.com\/index.php\/wp-json\/wp\/v2\/media?parent=114"}],"curies":[{"name":"wp","href":"https:\/\/api.w.org\/{rel}","templated":true}]}}